{"id":496,"date":"2020-09-15T10:28:14","date_gmt":"2020-09-15T10:28:14","guid":{"rendered":"https:\/\/rdtech.fr\/index.php\/products\/"},"modified":"2023-12-01T09:59:10","modified_gmt":"2023-12-01T08:59:10","slug":"products","status":"publish","type":"page","link":"https:\/\/rdtech.fr\/index.php\/products\/","title":{"rendered":"NoS PRESTATIONS"},"content":{"rendered":"\n<div class=\"wp-block-uagb-container uagb-block-61b7f5e0 alignfull uagb-is-root-container\"><div class=\"uagb-container-inner-blocks-wrap\">\n<div class=\"wp-block-uagb-advanced-heading uagb-block-8114b16d\"><h1 class=\"uagb-heading-text\">NoS PRESTATIONS<\/h1><\/div>\n<\/div><\/div>\n\n\n\n<div class=\"wp-block-uagb-container uagb-block-489a6aba alignfull uagb-is-root-container\"><div class=\"uagb-container-inner-blocks-wrap\">\n<div class=\"wp-block-uagb-container uagb-block-5a87e373\">\n<div class=\"wp-block-uagb-advanced-heading uagb-block-bffa6508\"><h5 class=\"uagb-heading-text\">Votre Partenaire Informatique<\/h5><\/div>\n\n\n\n<div class=\"wp-block-uagb-advanced-heading uagb-block-75736386\"><h2 class=\"uagb-heading-text\">Ne soyez plus d\u00e9pendant de vos outils informatiques<\/h2><p class=\"uagb-desc-text\">Notre expertise et exp\u00e9rience  nous permettrons de vous accompagner \u00e0 chaque \u00e9tape de votre projet.<br><br>De l&#8217;audit \u00e0 l&#8217;installation, en passant par la configuration et le d\u00e9pannage . Nous aurons une solution \u00e0 vous proposer pour toute question se rapportant \u00e0 votre syst\u00e8me en place ou \u00e0 venir.<\/p><\/div>\n<\/div>\n\n\n\n<div class=\"wp-block-uagb-container uagb-block-b7c30d3d\">\n<figure class=\"wp-block-image size-full is-resized\"><img loading=\"lazy\" decoding=\"async\" width=\"1280\" height=\"658\" src=\"http:\/\/rdtech.fr\/wp-content\/uploads\/2023\/12\/email-mail-hand-6370595.jpg\" alt=\"email, mail, hand-6370595.jpg\" class=\"wp-image-528\" style=\"width:564px;height:auto\" srcset=\"https:\/\/rdtech.fr\/wp-content\/uploads\/2023\/12\/email-mail-hand-6370595.jpg 1280w, https:\/\/rdtech.fr\/wp-content\/uploads\/2023\/12\/email-mail-hand-6370595-300x154.jpg 300w, https:\/\/rdtech.fr\/wp-content\/uploads\/2023\/12\/email-mail-hand-6370595-1024x526.jpg 1024w, https:\/\/rdtech.fr\/wp-content\/uploads\/2023\/12\/email-mail-hand-6370595-768x395.jpg 768w\" sizes=\"auto, (max-width: 1280px) 100vw, 1280px\" \/><\/figure>\n<\/div>\n\n\n\n<div class=\"wp-block-uagb-container uagb-block-9f5d917a\"><\/div>\n<\/div><\/div>\n\n\n\n<div class=\"wp-block-uagb-container uagb-block-485602c2 alignfull uagb-is-root-container\"><div class=\"uagb-container-inner-blocks-wrap\">\n<div class=\"wp-block-uagb-advanced-heading uagb-block-ae582f56\"><h5 class=\"uagb-heading-text\">Installation, Configuration, D\u00e9pannage<\/h5><\/div>\n\n\n\n<div class=\"wp-block-uagb-advanced-heading uagb-block-9c7ec6cf\"><h2 class=\"uagb-heading-text\">Sp\u00e9cialiste des Etablissements Scolaires\u200b<\/h2><\/div>\n<\/div><\/div>\n\n\n\n<div class=\"wp-block-uagb-container uagb-block-a754b6db alignfull uagb-is-root-container\"><div class=\"uagb-container-inner-blocks-wrap\">\n<div class=\"wp-block-uagb-container uagb-block-76fa3b1f\">\n<div class=\"wp-block-uagb-info-box uagb-block-7e6477fa uagb-infobox__content-wrap  uagb-infobox-icon-above-title uagb-infobox-image-valign-top\"><div class=\"uagb-ifb-content\"><div class=\"uagb-ifb-title-wrap\"><div class=\"uagb-ifb-separator\"><\/div><h4 class=\"uagb-ifb-title\">Serveurs<\/h4><\/div><p class=\"uagb-ifb-desc\">Administratif (Charlemagne, EcoleDirecte, Gestion des utilisateurs, S\u00e9curit\u00e9) .<br>P\u00e9dagogique (Gestion des \u00e9l\u00e8ves , dossiers partag\u00e9s , Cloud, Applications sp\u00e9cifiques &#8230;)<br><br>S\u00e9curit\u00e9 , Sauvegarde, Virtualisation<\/p><\/div><\/div>\n\n\n\n<div class=\"wp-block-uagb-info-box uagb-block-8f76c366 uagb-infobox__content-wrap  uagb-infobox-icon-above-title uagb-infobox-image-valign-top\"><div class=\"uagb-ifb-content\"><div class=\"uagb-ifb-title-wrap\"><div class=\"uagb-ifb-separator\"><\/div><h4 class=\"uagb-ifb-title\">Ordinateurs et P\u00e9riph\u00e9riques<\/h4><\/div><p class=\"uagb-ifb-desc\">Tarifs sp\u00e9cialement \u00e9tudi\u00e9s pour l&#8217;\u00e9ducation chez nos nombreux partenaires (HP, Lenovo, Asus, Epson, Microsoft\u00a0&#8230;)<\/p><\/div><\/div>\n<\/div>\n\n\n\n<div class=\"wp-block-uagb-container uagb-block-0935d42b\">\n<div class=\"wp-block-uagb-info-box uagb-block-165c4ed6 uagb-infobox__content-wrap  uagb-infobox-icon-above-title uagb-infobox-image-valign-top\"><div class=\"uagb-ifb-content\"><div class=\"uagb-ifb-title-wrap\"><div class=\"uagb-ifb-separator\"><\/div><h4 class=\"uagb-ifb-title\">R\u00e9seau<\/h4><\/div><p class=\"uagb-ifb-desc\">Filaire ou Wifi .<br>Acc\u00e8s Internet partag\u00e9 <br>S\u00e9curit\u00e9 des acc\u00e8s<br>Filtrage des sites accessibles<br><br><\/p><\/div><\/div>\n\n\n\n<div class=\"wp-block-uagb-info-box uagb-block-95ee04dd uagb-infobox__content-wrap  uagb-infobox-icon-above-title uagb-infobox-image-valign-top\"><div class=\"uagb-ifb-content\"><div class=\"uagb-ifb-title-wrap\"><div class=\"uagb-ifb-separator\"><\/div><h4 class=\"uagb-ifb-title\">Contrat de Maintenance<\/h4><\/div><p class=\"uagb-ifb-desc\">Interventions sur site , t\u00e9l\u00e9maintenance , contrat global annuel.<br>Vous trouverez toujours la solution qui vous convient dans notre gamme d&#8217;offre de prestation.<\/p><\/div><\/div>\n<\/div>\n<\/div><\/div>\n\n\n\n<div class=\"wp-block-uagb-container uagb-block-0cfa4baa alignfull uagb-is-root-container\"><div class=\"uagb-container-inner-blocks-wrap\">\n<div class=\"wp-block-uagb-container uagb-block-4ff07621\"><\/div>\n<\/div><\/div>\n","protected":false},"excerpt":{"rendered":"<p>NoS PRESTATIONS Votre Partenaire Informatique Ne soyez plus d\u00e9pendant de vos outils informatiques Notre expertise et exp\u00e9rience nous permettrons de vous accompagner \u00e0 chaque \u00e9tape de votre projet. De l&#8217;audit \u00e0 l&#8217;installation, en passant par la configuration et le d\u00e9pannage . Nous aurons une solution \u00e0 vous proposer pour toute question se rapportant \u00e0 votre &hellip;<\/p>\n<p class=\"read-more\"> <a class=\"\" href=\"https:\/\/rdtech.fr\/index.php\/products\/\"> <span class=\"screen-reader-text\">NoS PRESTATIONS<\/span> Read More &raquo;<\/a><\/p>\n","protected":false},"author":1,"featured_media":0,"parent":0,"menu_order":0,"comment_status":"closed","ping_status":"closed","template":"","meta":{"_uag_custom_page_level_css":"","site-sidebar-layout":"no-sidebar","site-content-layout":"plain-container","ast-site-content-layout":"normal-width-container","site-content-style":"unboxed","site-sidebar-style":"unboxed","ast-global-header-display":"","ast-banner-title-visibility":"","ast-main-header-display":"","ast-hfb-above-header-display":"","ast-hfb-below-header-display":"","ast-hfb-mobile-header-display":"","site-post-title":"disabled","ast-breadcrumbs-content":"","ast-featured-img":"disabled","footer-sml-layout":"","theme-transparent-header-meta":"enabled","adv-header-id-meta":"","stick-header-meta":"","header-above-stick-meta":"","header-main-stick-meta":"","header-below-stick-meta":"","astra-migrate-meta-layouts":"set","ast-page-background-enabled":"default","ast-page-background-meta":{"desktop":{"background-color":"","background-image":"","background-repeat":"repeat","background-position":"center center","background-size":"auto","background-attachment":"scroll","background-type":"","background-media":"","overlay-type":"","overlay-color":"","overlay-gradient":""},"tablet":{"background-color":"","background-image":"","background-repeat":"repeat","background-position":"center center","background-size":"auto","background-attachment":"scroll","background-type":"","background-media":"","overlay-type":"","overlay-color":"","overlay-gradient":""},"mobile":{"background-color":"","background-image":"","background-repeat":"repeat","background-position":"center center","background-size":"auto","background-attachment":"scroll","background-type":"","background-media":"","overlay-type":"","overlay-color":"","overlay-gradient":""}},"ast-content-background-meta":{"desktop":{"background-color":"var(--ast-global-color-5)","background-image":"","background-repeat":"repeat","background-position":"center center","background-size":"auto","background-attachment":"scroll","background-type":"","background-media":"","overlay-type":"","overlay-color":"","overlay-gradient":""},"tablet":{"background-color":"var(--ast-global-color-5)","background-image":"","background-repeat":"repeat","background-position":"center center","background-size":"auto","background-attachment":"scroll","background-type":"","background-media":"","overlay-type":"","overlay-color":"","overlay-gradient":""},"mobile":{"background-color":"var(--ast-global-color-5)","background-image":"","background-repeat":"repeat","background-position":"center center","background-size":"auto","background-attachment":"scroll","background-type":"","background-media":"","overlay-type":"","overlay-color":"","overlay-gradient":""}},"footnotes":""},"class_list":["post-496","page","type-page","status-publish","hentry"],"uagb_featured_image_src":{"full":false,"thumbnail":false,"medium":false,"medium_large":false,"large":false,"1536x1536":false,"2048x2048":false},"uagb_author_info":{"display_name":"admin7737","author_link":"https:\/\/rdtech.fr\/index.php\/author\/admin7737\/"},"uagb_comment_info":0,"uagb_excerpt":"NoS PRESTATIONS Votre Partenaire Informatique Ne soyez plus d\u00e9pendant de vos outils informatiques Notre expertise et exp\u00e9rience nous permettrons de vous accompagner \u00e0 chaque \u00e9tape de votre projet. De l&#8217;audit \u00e0 l&#8217;installation, en passant par la configuration et le d\u00e9pannage . Nous aurons une solution \u00e0 vous proposer pour toute question se rapportant \u00e0 votre&hellip;","_links":{"self":[{"href":"https:\/\/rdtech.fr\/index.php\/wp-json\/wp\/v2\/pages\/496","targetHints":{"allow":["GET"]}}],"collection":[{"href":"https:\/\/rdtech.fr\/index.php\/wp-json\/wp\/v2\/pages"}],"about":[{"href":"https:\/\/rdtech.fr\/index.php\/wp-json\/wp\/v2\/types\/page"}],"author":[{"embeddable":true,"href":"https:\/\/rdtech.fr\/index.php\/wp-json\/wp\/v2\/users\/1"}],"replies":[{"embeddable":true,"href":"https:\/\/rdtech.fr\/index.php\/wp-json\/wp\/v2\/comments?post=496"}],"version-history":[{"count":6,"href":"https:\/\/rdtech.fr\/index.php\/wp-json\/wp\/v2\/pages\/496\/revisions"}],"predecessor-version":[{"id":538,"href":"https:\/\/rdtech.fr\/index.php\/wp-json\/wp\/v2\/pages\/496\/revisions\/538"}],"wp:attachment":[{"href":"https:\/\/rdtech.fr\/index.php\/wp-json\/wp\/v2\/media?parent=496"}],"curies":[{"name":"wp","href":"https:\/\/api.w.org\/{rel}","templated":true}]}}